{"id":513,"date":"2023-09-08T12:07:08","date_gmt":"2023-09-08T10:07:08","guid":{"rendered":"https:\/\/www.smr-rambouillet.com\/?page_id=513"},"modified":"2023-12-31T00:01:43","modified_gmt":"2023-12-30T23:01:43","slug":"notre-prochain-concert","status":"publish","type":"page","link":"https:\/\/www.smr-rambouillet.com\/index.php\/accueil\/notre-prochain-concert\/","title":{"rendered":"Notre prochain concert"},"content":{"rendered":"\t\t<div data-elementor-type=\"wp-page\" data-elementor-id=\"513\" class=\"elementor elementor-513\">\n\t\t\t\t<div class=\"elementor-element elementor-element-a7b403d e-flex e-con-boxed e-con e-parent\" data-id=\"a7b403d\" data-element_type=\"container\" data-e-type=\"container\">\n\t\t\t\t\t<div class=\"e-con-inner\">\n\t\t\t\t<div class=\"elementor-element elementor-element-64c17e9 elementor-widget elementor-widget-heading\" data-id=\"64c17e9\" data-element_type=\"widget\" data-e-type=\"widget\" data-widget_type=\"heading.default\">\n\t\t\t\t<div class=\"elementor-widget-container\">\n\t\t\t\t\t<h2 class=\"elementor-heading-title elementor-size-default\">Notre prochain concert ... <\/h2>\t\t\t\t<\/div>\n\t\t\t\t<\/div>\n\t\t\t\t<div class=\"elementor-element elementor-element-07f5743 elementor-widget elementor-widget-text-editor\" data-id=\"07f5743\" data-element_type=\"widget\" data-e-type=\"widget\" data-widget_type=\"text-editor.default\">\n\t\t\t\t<div class=\"elementor-widget-container\">\n\t\t\t\t\t\t\t\t\t<div class=\"ckeditor_block\"><div id=\"description\" class=\"ckeditor_content ckeditor_editable\"><div><p><strong>Envie de jouer tous types de musique dans une ambiance sympa &#8230;.<\/strong><\/p><p><strong>Vous avez trouv\u00e9 le lieu !!! Vous voulez en savoir plus, alors venez nous retrouver au forum des associations !<\/strong><\/p><\/div><div><div>\u00a0<\/div><div><strong>Sous la direction de St\u00e9phane Ung, l&rsquo;orchestre interpr\u00e8te un r\u00e9pertoire vari\u00e9.<\/strong><\/div><\/div><div>\u00a0<\/div><\/div><div>\u00a0<\/div><\/div>\t\t\t\t\t\t\t\t<\/div>\n\t\t\t\t<\/div>\n\t\t\t\t\t<\/div>\n\t\t\t\t<\/div>\n\t\t\t\t<section class=\"elementor-section elementor-top-section elementor-element elementor-element-72267b1 elementor-section-boxed elementor-section-height-default elementor-section-height-default\" data-id=\"72267b1\" data-element_type=\"section\" data-e-type=\"section\">\n\t\t\t\t\t\t<div class=\"elementor-container elementor-column-gap-default\">\n\t\t\t\t\t<div class=\"elementor-column elementor-col-100 elementor-top-column elementor-element elementor-element-047aaf7\" data-id=\"047aaf7\" data-element_type=\"column\" data-e-type=\"column\">\n\t\t\t<div class=\"elementor-widget-wrap elementor-element-populated\">\n\t\t\t\t\t\t<div class=\"elementor-element elementor-element-0eec5e6 elementor-widget elementor-widget-image\" data-id=\"0eec5e6\" data-element_type=\"widget\" data-e-type=\"widget\" data-widget_type=\"image.default\">\n\t\t\t\t<div class=\"elementor-widget-container\">\n\t\t\t\t\t\t\t\t\t\t\t\t<figure class=\"wp-caption\">\n\t\t\t\t\t\t\t\t\t\t<img fetchpriority=\"high\" decoding=\"async\" width=\"1024\" height=\"577\" src=\"https:\/\/www.smr-rambouillet.com\/wp-content\/uploads\/2023\/05\/Concert-SMR-2023-Jardin-du-Luxembourg_w-1024x577.jpg\" class=\"attachment-large size-large wp-image-470\" alt=\"\" srcset=\"https:\/\/www.smr-rambouillet.com\/wp-content\/uploads\/2023\/05\/Concert-SMR-2023-Jardin-du-Luxembourg_w-1024x577.jpg 1024w, https:\/\/www.smr-rambouillet.com\/wp-content\/uploads\/2023\/05\/Concert-SMR-2023-Jardin-du-Luxembourg_w-300x169.jpg 300w, https:\/\/www.smr-rambouillet.com\/wp-content\/uploads\/2023\/05\/Concert-SMR-2023-Jardin-du-Luxembourg_w-768x433.jpg 768w, https:\/\/www.smr-rambouillet.com\/wp-content\/uploads\/2023\/05\/Concert-SMR-2023-Jardin-du-Luxembourg_w-1536x866.jpg 1536w, https:\/\/www.smr-rambouillet.com\/wp-content\/uploads\/2023\/05\/Concert-SMR-2023-Jardin-du-Luxembourg_w.jpg 1795w\" sizes=\"(max-width: 1024px) 100vw, 1024px\" \/>\t\t\t\t\t\t\t\t\t\t\t<figcaption class=\"widget-image-caption wp-caption-text\">Concert \u00e0 Paris - Jardin du Luxembourg  - 16 avril 2023 - Cr\u00e9dit : Olivier Salazar<\/figcaption>\n\t\t\t\t\t\t\t\t\t\t<\/figure>\n\t\t\t\t\t\t\t\t\t<\/div>\n\t\t\t\t<\/div>\n\t\t\t\t<div class=\"elementor-element elementor-element-446b087 elementor-widget elementor-widget-image\" data-id=\"446b087\" data-element_type=\"widget\" data-e-type=\"widget\" data-widget_type=\"image.default\">\n\t\t\t\t<div class=\"elementor-widget-container\">\n\t\t\t\t\t\t\t\t\t\t\t\t<figure class=\"wp-caption\">\n\t\t\t\t\t\t\t\t\t\t<img decoding=\"async\" width=\"1024\" height=\"389\" src=\"https:\/\/www.smr-rambouillet.com\/wp-content\/uploads\/2022\/11\/Ste-Cecile-2022-11-12_w-1024x389.jpg\" class=\"attachment-large size-large wp-image-389\" alt=\"Concert de la Ste C\u00e9cile 2022 \u00e0 La Lanterne - Rambouillet\" srcset=\"https:\/\/www.smr-rambouillet.com\/wp-content\/uploads\/2022\/11\/Ste-Cecile-2022-11-12_w-1024x389.jpg 1024w, https:\/\/www.smr-rambouillet.com\/wp-content\/uploads\/2022\/11\/Ste-Cecile-2022-11-12_w-300x114.jpg 300w, https:\/\/www.smr-rambouillet.com\/wp-content\/uploads\/2022\/11\/Ste-Cecile-2022-11-12_w-768x292.jpg 768w, https:\/\/www.smr-rambouillet.com\/wp-content\/uploads\/2022\/11\/Ste-Cecile-2022-11-12_w.jpg 1280w\" sizes=\"(max-width: 1024px) 100vw, 1024px\" \/>\t\t\t\t\t\t\t\t\t\t\t<figcaption class=\"widget-image-caption wp-caption-text\">Concert de la Ste C\u00e9cile 2022 \u00e0 La Lanterne - Rambouillet<\/figcaption>\n\t\t\t\t\t\t\t\t\t\t<\/figure>\n\t\t\t\t\t\t\t\t\t<\/div>\n\t\t\t\t<\/div>\n\t\t\t\t<div class=\"elementor-element elementor-element-3702986 elementor-widget elementor-widget-image\" data-id=\"3702986\" data-element_type=\"widget\" data-e-type=\"widget\" data-widget_type=\"image.default\">\n\t\t\t\t<div class=\"elementor-widget-container\">\n\t\t\t\t\t\t\t\t\t\t\t\t<figure class=\"wp-caption\">\n\t\t\t\t\t\t\t\t\t\t<img decoding=\"async\" width=\"1024\" height=\"683\" src=\"https:\/\/www.smr-rambouillet.com\/wp-content\/uploads\/2022\/04\/09_lorchestre_7354-1.jpg\" class=\"attachment-large size-large wp-image-253\" alt=\"\" srcset=\"https:\/\/www.smr-rambouillet.com\/wp-content\/uploads\/2022\/04\/09_lorchestre_7354-1.jpg 1024w, https:\/\/www.smr-rambouillet.com\/wp-content\/uploads\/2022\/04\/09_lorchestre_7354-1-300x200.jpg 300w, https:\/\/www.smr-rambouillet.com\/wp-content\/uploads\/2022\/04\/09_lorchestre_7354-1-768x512.jpg 768w\" sizes=\"(max-width: 1024px) 100vw, 1024px\" \/>\t\t\t\t\t\t\t\t\t\t\t<figcaption class=\"widget-image-caption wp-caption-text\">Concert La lanterne en soutien \u00e0 l'Ukraine - 4 Avril 2022<\/figcaption>\n\t\t\t\t\t\t\t\t\t\t<\/figure>\n\t\t\t\t\t\t\t\t\t<\/div>\n\t\t\t\t<\/div>\n\t\t\t\t\t<\/div>\n\t\t<\/div>\n\t\t\t\t\t<\/div>\n\t\t<\/section>\n\t\t\t\t<section class=\"elementor-section elementor-top-section elementor-element elementor-element-515c9e0 elementor-section-boxed elementor-section-height-default elementor-section-height-default\" data-id=\"515c9e0\" data-element_type=\"section\" data-e-type=\"section\">\n\t\t\t\t\t\t<div class=\"elementor-container elementor-column-gap-default\">\n\t\t\t\t\t<div class=\"elementor-column elementor-col-100 elementor-top-column elementor-element elementor-element-1027ea8\" data-id=\"1027ea8\" data-element_type=\"column\" data-e-type=\"column\">\n\t\t\t<div class=\"elementor-widget-wrap elementor-element-populated\">\n\t\t\t\t\t\t<div class=\"elementor-element elementor-element-ed84aff elementor-widget elementor-widget-text-editor\" data-id=\"ed84aff\" data-element_type=\"widget\" data-e-type=\"widget\" data-widget_type=\"text-editor.default\">\n\t\t\t\t<div class=\"elementor-widget-container\">\n\t\t\t\t\t\t\t\t\t<p>Nous r\u00e9p\u00e9tons chaque vendredi \u00e0 Smartcity Campus de Rambouillet<br><\/p>\t\t\t\t\t\t\t\t<\/div>\n\t\t\t\t<\/div>\n\t\t\t\t\t<\/div>\n\t\t<\/div>\n\t\t\t\t\t<\/div>\n\t\t<\/section>\n\t\t\t\t<section class=\"elementor-section elementor-top-section elementor-element elementor-element-25e95e0 elementor-section-boxed elementor-section-height-default elementor-section-height-default\" data-id=\"25e95e0\" data-element_type=\"section\" data-e-type=\"section\">\n\t\t\t\t\t\t<div class=\"elementor-container elementor-column-gap-default\">\n\t\t\t\t\t<div class=\"elementor-column elementor-col-100 elementor-top-column elementor-element elementor-element-a74de8c\" data-id=\"a74de8c\" data-element_type=\"column\" data-e-type=\"column\">\n\t\t\t<div class=\"elementor-widget-wrap elementor-element-populated\">\n\t\t\t\t\t\t<div class=\"elementor-element elementor-element-6fa2c30 elementor-widget elementor-widget-image\" data-id=\"6fa2c30\" data-element_type=\"widget\" data-e-type=\"widget\" data-widget_type=\"image.default\">\n\t\t\t\t<div class=\"elementor-widget-container\">\n\t\t\t\t\t\t\t\t\t\t\t\t\t\t\t<img loading=\"lazy\" decoding=\"async\" width=\"1024\" height=\"576\" src=\"https:\/\/www.smr-rambouillet.com\/wp-content\/uploads\/2023\/05\/Repetition-1024x576.jpg\" class=\"attachment-large size-large wp-image-483\" alt=\"\" srcset=\"https:\/\/www.smr-rambouillet.com\/wp-content\/uploads\/2023\/05\/Repetition-1024x576.jpg 1024w, https:\/\/www.smr-rambouillet.com\/wp-content\/uploads\/2023\/05\/Repetition-300x169.jpg 300w, https:\/\/www.smr-rambouillet.com\/wp-content\/uploads\/2023\/05\/Repetition-768x432.jpg 768w, https:\/\/www.smr-rambouillet.com\/wp-content\/uploads\/2023\/05\/Repetition-1536x864.jpg 1536w, https:\/\/www.smr-rambouillet.com\/wp-content\/uploads\/2023\/05\/Repetition.jpg 2048w\" sizes=\"(max-width: 1024px) 100vw, 1024px\" \/>\t\t\t\t\t\t\t\t\t\t\t\t\t\t\t<\/div>\n\t\t\t\t<\/div>\n\t\t\t\t\t<\/div>\n\t\t<\/div>\n\t\t\t\t\t<\/div>\n\t\t<\/section>\n\t\t\t\t<\/div>\n\t\t","protected":false},"excerpt":{"rendered":"<p>Notre prochain concert &#8230; Envie de jouer tous types de musique dans une ambiance sympa &#8230;. Vous avez trouv\u00e9 le lieu !!! Vous voulez en savoir plus, alors venez nous retrouver au forum des associations ! \u00a0Sous la direction de St\u00e9phane Ung, l&rsquo;orchestre interpr\u00e8te un r\u00e9pertoire vari\u00e9.\u00a0\u00a0 Concert \u00e0 Paris &#8211; Jardin du Luxembourg &#8211; [&hellip;]<\/p>\n","protected":false},"author":1,"featured_media":0,"parent":502,"menu_order":0,"comment_status":"closed","ping_status":"closed","template":"","meta":{"site-sidebar-layout":"default","site-content-layout":"","ast-site-content-layout":"default","site-content-style":"default","site-sidebar-style":"default","ast-global-header-display":"","ast-banner-title-visibility":"","ast-main-header-display":"","ast-hfb-above-header-display":"","ast-hfb-below-header-display":"","ast-hfb-mobile-header-display":"","site-post-title":"","ast-breadcrumbs-content":"","ast-featured-img":"","footer-sml-layout":"","ast-disable-related-posts":"","theme-transparent-header-meta":"","adv-header-id-meta":"","stick-header-meta":"","header-above-stick-meta":"","header-main-stick-meta":"","header-below-stick-meta":"","astra-migrate-meta-layouts":"default","ast-page-background-enabled":"default","ast-page-background-meta":{"desktop":{"background-color":"var(--ast-global-color-4)","background-image":"","background-repeat":"repeat","background-position":"center center","background-size":"auto","background-attachment":"scroll","background-type":"","background-media":"","overlay-type":"","overlay-color":"","overlay-opacity":"","overlay-gradient":""},"tablet":{"background-color":"","background-image":"","background-repeat":"repeat","background-position":"center center","background-size":"auto","background-attachment":"scroll","background-type":"","background-media":"","overlay-type":"","overlay-color":"","overlay-opacity":"","overlay-gradient":""},"mobile":{"background-color":"","background-image":"","background-repeat":"repeat","background-position":"center center","background-size":"auto","background-attachment":"scroll","background-type":"","background-media":"","overlay-type":"","overlay-color":"","overlay-opacity":"","overlay-gradient":""}},"ast-content-background-meta":{"desktop":{"background-color":"var(--ast-global-color-5)","background-image":"","background-repeat":"repeat","background-position":"center center","background-size":"auto","background-attachment":"scroll","background-type":"","background-media":"","overlay-type":"","overlay-color":"","overlay-opacity":"","overlay-gradient":""},"tablet":{"background-color":"var(--ast-global-color-5)","background-image":"","background-repeat":"repeat","background-position":"center center","background-size":"auto","background-attachment":"scroll","background-type":"","background-media":"","overlay-type":"","overlay-color":"","overlay-opacity":"","overlay-gradient":""},"mobile":{"background-color":"var(--ast-global-color-5)","background-image":"","background-repeat":"repeat","background-position":"center center","background-size":"auto","background-attachment":"scroll","background-type":"","background-media":"","overlay-type":"","overlay-color":"","overlay-opacity":"","overlay-gradient":""}},"footnotes":""},"class_list":["post-513","page","type-page","status-publish","hentry"],"_links":{"self":[{"href":"https:\/\/www.smr-rambouillet.com\/index.php\/wp-json\/wp\/v2\/pages\/513","targetHints":{"allow":["GET"]}}],"collection":[{"href":"https:\/\/www.smr-rambouillet.com\/index.php\/wp-json\/wp\/v2\/pages"}],"about":[{"href":"https:\/\/www.smr-rambouillet.com\/index.php\/wp-json\/wp\/v2\/types\/page"}],"author":[{"embeddable":true,"href":"https:\/\/www.smr-rambouillet.com\/index.php\/wp-json\/wp\/v2\/users\/1"}],"replies":[{"embeddable":true,"href":"https:\/\/www.smr-rambouillet.com\/index.php\/wp-json\/wp\/v2\/comments?post=513"}],"version-history":[{"count":9,"href":"https:\/\/www.smr-rambouillet.com\/index.php\/wp-json\/wp\/v2\/pages\/513\/revisions"}],"predecessor-version":[{"id":753,"href":"https:\/\/www.smr-rambouillet.com\/index.php\/wp-json\/wp\/v2\/pages\/513\/revisions\/753"}],"up":[{"embeddable":true,"href":"https:\/\/www.smr-rambouillet.com\/index.php\/wp-json\/wp\/v2\/pages\/502"}],"wp:attachment":[{"href":"https:\/\/www.smr-rambouillet.com\/index.php\/wp-json\/wp\/v2\/media?parent=513"}],"curies":[{"name":"wp","href":"https:\/\/api.w.org\/{rel}","templated":true}]}}