{"id":796,"date":"2024-05-04T14:43:02","date_gmt":"2024-05-04T12:43:02","guid":{"rendered":"https:\/\/www.smr-rambouillet.com\/?page_id=796"},"modified":"2024-05-04T15:19:58","modified_gmt":"2024-05-04T13:19:58","slug":"concert-du-25-mai-2024","status":"publish","type":"page","link":"https:\/\/www.smr-rambouillet.com\/index.php\/concert-du-25-mai-2024\/","title":{"rendered":"Concert du 25 mai 2024"},"content":{"rendered":"\t\t<div data-elementor-type=\"wp-page\" data-elementor-id=\"796\" class=\"elementor elementor-796\">\n\t\t\t\t<div class=\"elementor-element elementor-element-6ad9c4d e-flex e-con-boxed e-con e-parent\" data-id=\"6ad9c4d\" data-element_type=\"container\" data-e-type=\"container\">\n\t\t\t\t\t<div class=\"e-con-inner\">\n\t\t\t\t<div class=\"elementor-element elementor-element-eaf7120 elementor-widget elementor-widget-heading\" data-id=\"eaf7120\" data-element_type=\"widget\" data-e-type=\"widget\" data-widget_type=\"heading.default\">\n\t\t\t\t<div class=\"elementor-widget-container\">\n\t\t\t\t\t<h2 class=\"elementor-heading-title elementor-size-default\">Concert de Printemps le 25 mai \u00e0 la Lanterne- Rambouillet<\/h1><\/h2>\t\t\t\t<\/div>\n\t\t\t\t<\/div>\n\t\t\t\t\t<\/div>\n\t\t\t\t<\/div>\n\t\t<div class=\"elementor-element elementor-element-f603b16 e-flex e-con-boxed e-con e-parent\" data-id=\"f603b16\" data-element_type=\"container\" data-e-type=\"container\">\n\t\t\t\t\t<div class=\"e-con-inner\">\n\t\t\t\t<div class=\"elementor-element elementor-element-228a24a elementor-widget elementor-widget-text-editor\" data-id=\"228a24a\" data-element_type=\"widget\" data-e-type=\"widget\" data-widget_type=\"text-editor.default\">\n\t\t\t\t<div class=\"elementor-widget-container\">\n\t\t\t\t\t\t\t\t\t<p>L\u2019Orchestre d\u2019Harmonie de Rambouillet, le Conservatoire Gabriel Faur\u00e9 et le Rotary Club de Rambouillet vous invitent le samedi 25 mai \u00e0 20h45 , \u00e0 la salle la Lanterne de Rambouillet, pour assister au concert de Printemps.<\/p><p>Ce concert dont l\u2019entr\u00e9e et la participation sont libres est donn\u00e9 aux rambolitains et aux habitants de la r\u00e9gion pour financer des \u00e9quipements d\u2019accueil des accompagnants des jeunes hospitalis\u00e9s \u00e0 l\u2019H\u00f4pital de Rambouillet.<\/p>\t\t\t\t\t\t\t\t<\/div>\n\t\t\t\t<\/div>\n\t\t\t\t\t<\/div>\n\t\t\t\t<\/div>\n\t\t<div class=\"elementor-element elementor-element-9f8fde6 e-flex e-con-boxed e-con e-parent\" data-id=\"9f8fde6\" data-element_type=\"container\" data-e-type=\"container\">\n\t\t\t\t\t<div class=\"e-con-inner\">\n\t\t<div class=\"elementor-element elementor-element-64328ce e-con-full e-flex e-con e-child\" data-id=\"64328ce\" data-element_type=\"container\" data-e-type=\"container\">\n\t\t\t\t<div class=\"elementor-element elementor-element-8eed4bd elementor-button-success elementor-align-center elementor-widget elementor-widget-button\" data-id=\"8eed4bd\" data-element_type=\"widget\" data-e-type=\"widget\" data-widget_type=\"button.default\">\n\t\t\t\t<div class=\"elementor-widget-container\">\n\t\t\t\t\t\t\t\t\t<div class=\"elementor-button-wrapper\">\n\t\t\t\t\t<a class=\"elementor-button elementor-button-link elementor-size-lg\" href=\"https:\/\/rotary-rambouillet.com\/\">\n\t\t\t\t\t\t<span class=\"elementor-button-content-wrapper\">\n\t\t\t\t\t\t\t\t\t<span class=\"elementor-button-text\">Le Rotary-Club de Rambouillet<\/span>\n\t\t\t\t\t<\/span>\n\t\t\t\t\t<\/a>\n\t\t\t\t<\/div>\n\t\t\t\t\t\t\t\t<\/div>\n\t\t\t\t<\/div>\n\t\t\t\t<\/div>\n\t\t<div class=\"elementor-element elementor-element-48a32df e-con-full e-flex e-con e-child\" data-id=\"48a32df\" data-element_type=\"container\" data-e-type=\"container\">\n\t\t\t\t<div class=\"elementor-element elementor-element-bd3899e elementor-align-center elementor-button-success elementor-widget elementor-widget-button\" data-id=\"bd3899e\" data-element_type=\"widget\" data-e-type=\"widget\" data-widget_type=\"button.default\">\n\t\t\t\t<div class=\"elementor-widget-container\">\n\t\t\t\t\t\t\t\t\t<div class=\"elementor-button-wrapper\">\n\t\t\t\t\t<a class=\"elementor-button elementor-button-link elementor-size-lg\" href=\"https:\/\/www.helloasso.com\/associations\/rotary-club-de-rambouillet\/evenements\/espoir-en-musique-4\" target=\"_blank\">\n\t\t\t\t\t\t<span class=\"elementor-button-content-wrapper\">\n\t\t\t\t\t\t\t\t\t<span class=\"elementor-button-text\">Je participe \/ Je r\u00e9serve<\/span>\n\t\t\t\t\t<\/span>\n\t\t\t\t\t<\/a>\n\t\t\t\t<\/div>\n\t\t\t\t\t\t\t\t<\/div>\n\t\t\t\t<\/div>\n\t\t\t\t<\/div>\n\t\t<div class=\"elementor-element elementor-element-615956d e-con-full e-flex e-con e-child\" data-id=\"615956d\" data-element_type=\"container\" data-e-type=\"container\">\n\t\t\t\t<div class=\"elementor-element elementor-element-a686184 elementor-align-center elementor-button-success elementor-widget elementor-widget-button\" data-id=\"a686184\" data-element_type=\"widget\" data-e-type=\"widget\" data-widget_type=\"button.default\">\n\t\t\t\t<div class=\"elementor-widget-container\">\n\t\t\t\t\t\t\t\t\t<div class=\"elementor-button-wrapper\">\n\t\t\t\t\t<a class=\"elementor-button elementor-button-link elementor-size-lg\" href=\"https:\/\/www.rt78.fr\/conservatoire\">\n\t\t\t\t\t\t<span class=\"elementor-button-content-wrapper\">\n\t\t\t\t\t\t\t\t\t<span class=\"elementor-button-text\">Le Conservatoire Gabriel Faur\u00e9<\/span>\n\t\t\t\t\t<\/span>\n\t\t\t\t\t<\/a>\n\t\t\t\t<\/div>\n\t\t\t\t\t\t\t\t<\/div>\n\t\t\t\t<\/div>\n\t\t\t\t<\/div>\n\t\t\t\t\t<\/div>\n\t\t\t\t<\/div>\n\t\t<div class=\"elementor-element elementor-element-a35088b e-flex e-con-boxed e-con e-parent\" data-id=\"a35088b\" data-element_type=\"container\" data-e-type=\"container\">\n\t\t\t\t\t<div class=\"e-con-inner\">\n\t\t\t\t<div class=\"elementor-element elementor-element-f896a74 elementor-widget elementor-widget-image\" data-id=\"f896a74\" data-element_type=\"widget\" data-e-type=\"widget\" data-widget_type=\"image.default\">\n\t\t\t\t<div class=\"elementor-widget-container\">\n\t\t\t\t\t\t\t\t\t\t\t\t\t\t\t<img fetchpriority=\"high\" decoding=\"async\" width=\"724\" height=\"1024\" src=\"https:\/\/www.smr-rambouillet.com\/wp-content\/uploads\/2024\/05\/CONCERT-SMR-25-MAI_ultralight-724x1024.jpg\" class=\"attachment-large size-large wp-image-789\" alt=\"Concert caritatif organis\u00e9 par la SMR, le Rotary Club de Rambouillet et le Conservatoire Gabriel Faur\u00e9 de Rambouillet 25 mai 2024-20h45 \u00e0 La Lanterne\" srcset=\"https:\/\/www.smr-rambouillet.com\/wp-content\/uploads\/2024\/05\/CONCERT-SMR-25-MAI_ultralight-724x1024.jpg 724w, https:\/\/www.smr-rambouillet.com\/wp-content\/uploads\/2024\/05\/CONCERT-SMR-25-MAI_ultralight-212x300.jpg 212w, https:\/\/www.smr-rambouillet.com\/wp-content\/uploads\/2024\/05\/CONCERT-SMR-25-MAI_ultralight-768x1086.jpg 768w, https:\/\/www.smr-rambouillet.com\/wp-content\/uploads\/2024\/05\/CONCERT-SMR-25-MAI_ultralight.jpg 960w\" sizes=\"(max-width: 724px) 100vw, 724px\" \/>\t\t\t\t\t\t\t\t\t\t\t\t\t\t\t<\/div>\n\t\t\t\t<\/div>\n\t\t\t\t\t<\/div>\n\t\t\t\t<\/div>\n\t\t\t\t<\/div>\n\t\t","protected":false},"excerpt":{"rendered":"<p>Concert de Printemps le 25 mai \u00e0 la Lanterne- Rambouillet L\u2019Orchestre d\u2019Harmonie de Rambouillet, le Conservatoire Gabriel Faur\u00e9 et le Rotary Club de Rambouillet vous invitent le samedi 25 mai \u00e0 20h45 , \u00e0 la salle la Lanterne de Rambouillet, pour assister au concert de Printemps. Ce concert dont l\u2019entr\u00e9e et la participation sont libres [&hellip;]<\/p>\n","protected":false},"author":1,"featured_media":0,"parent":0,"menu_order":0,"comment_status":"closed","ping_status":"closed","template":"","meta":{"site-sidebar-layout":"no-sidebar","site-content-layout":"page-builder","ast-site-content-layout":"default","site-content-style":"default","site-sidebar-style":"default","ast-global-header-display":"","ast-banner-title-visibility":"","ast-main-header-display":"","ast-hfb-above-header-display":"","ast-hfb-below-header-display":"","ast-hfb-mobile-header-display":"","site-post-title":"disabled","ast-breadcrumbs-content":"","ast-featured-img":"disabled","footer-sml-layout":"","ast-disable-related-posts":"","theme-transparent-header-meta":"","adv-header-id-meta":"","stick-header-meta":"","header-above-stick-meta":"","header-main-stick-meta":"","header-below-stick-meta":"","astra-migrate-meta-layouts":"default","ast-page-background-enabled":"default","ast-page-background-meta":{"desktop":{"background-color":"var(--ast-global-color-4)","background-image":"","background-repeat":"repeat","background-position":"center center","background-size":"auto","background-attachment":"scroll","background-type":"","background-media":"","overlay-type":"","overlay-color":"","overlay-opacity":"","overlay-gradient":""},"tablet":{"background-color":"","background-image":"","background-repeat":"repeat","background-position":"center center","background-size":"auto","background-attachment":"scroll","background-type":"","background-media":"","overlay-type":"","overlay-color":"","overlay-opacity":"","overlay-gradient":""},"mobile":{"background-color":"","background-image":"","background-repeat":"repeat","background-position":"center center","background-size":"auto","background-attachment":"scroll","background-type":"","background-media":"","overlay-type":"","overlay-color":"","overlay-opacity":"","overlay-gradient":""}},"ast-content-background-meta":{"desktop":{"background-color":"var(--ast-global-color-5)","background-image":"","background-repeat":"repeat","background-position":"center center","background-size":"auto","background-attachment":"scroll","background-type":"","background-media":"","overlay-type":"","overlay-color":"","overlay-opacity":"","overlay-gradient":""},"tablet":{"background-color":"var(--ast-global-color-5)","background-image":"","background-repeat":"repeat","background-position":"center center","background-size":"auto","background-attachment":"scroll","background-type":"","background-media":"","overlay-type":"","overlay-color":"","overlay-opacity":"","overlay-gradient":""},"mobile":{"background-color":"var(--ast-global-color-5)","background-image":"","background-repeat":"repeat","background-position":"center center","background-size":"auto","background-attachment":"scroll","background-type":"","background-media":"","overlay-type":"","overlay-color":"","overlay-opacity":"","overlay-gradient":""}},"footnotes":""},"class_list":["post-796","page","type-page","status-publish","hentry"],"_links":{"self":[{"href":"https:\/\/www.smr-rambouillet.com\/index.php\/wp-json\/wp\/v2\/pages\/796","targetHints":{"allow":["GET"]}}],"collection":[{"href":"https:\/\/www.smr-rambouillet.com\/index.php\/wp-json\/wp\/v2\/pages"}],"about":[{"href":"https:\/\/www.smr-rambouillet.com\/index.php\/wp-json\/wp\/v2\/types\/page"}],"author":[{"embeddable":true,"href":"https:\/\/www.smr-rambouillet.com\/index.php\/wp-json\/wp\/v2\/users\/1"}],"replies":[{"embeddable":true,"href":"https:\/\/www.smr-rambouillet.com\/index.php\/wp-json\/wp\/v2\/comments?post=796"}],"version-history":[{"count":10,"href":"https:\/\/www.smr-rambouillet.com\/index.php\/wp-json\/wp\/v2\/pages\/796\/revisions"}],"predecessor-version":[{"id":820,"href":"https:\/\/www.smr-rambouillet.com\/index.php\/wp-json\/wp\/v2\/pages\/796\/revisions\/820"}],"wp:attachment":[{"href":"https:\/\/www.smr-rambouillet.com\/index.php\/wp-json\/wp\/v2\/media?parent=796"}],"curies":[{"name":"wp","href":"https:\/\/api.w.org\/{rel}","templated":true}]}}